{"id":415,"date":"2025-10-03T15:04:42","date_gmt":"2025-10-03T15:04:42","guid":{"rendered":"https:\/\/simonplanquoisphoto.com\/?page_id=415"},"modified":"2025-10-15T17:18:27","modified_gmt":"2025-10-15T17:18:27","slug":"drone","status":"publish","type":"page","link":"https:\/\/simonplanquoisphoto.com\/index.php\/drone\/","title":{"rendered":"Drone"},"content":{"rendered":"\t\t<div data-elementor-type=\"wp-page\" data-elementor-id=\"415\" class=\"elementor elementor-415\">\n\t\t\t\t<div class=\"elementor-element elementor-element-3b40b13 e-flex e-con-boxed e-con e-parent\" data-id=\"3b40b13\" data-element_type=\"container\">\n\t\t\t\t\t<div class=\"e-con-inner\">\n\t\t\t\t<div class=\"elementor-element elementor-element-e53d6f4 elementor-widget elementor-widget-image\" data-id=\"e53d6f4\" data-element_type=\"widget\" data-widget_type=\"image.default\">\n\t\t\t\t\t\t\t\t\t\t\t\t\t\t\t<img fetchpriority=\"high\" decoding=\"async\" width=\"1024\" height=\"576\" src=\"https:\/\/simonplanquoisphoto.com\/wp-content\/uploads\/2025\/10\/Villa-drone-1024x576.png\" class=\"attachment-large size-large wp-image-639\" alt=\"\" srcset=\"https:\/\/simonplanquoisphoto.com\/wp-content\/uploads\/2025\/10\/Villa-drone-1024x576.png 1024w, https:\/\/simonplanquoisphoto.com\/wp-content\/uploads\/2025\/10\/Villa-drone-300x169.png 300w, https:\/\/simonplanquoisphoto.com\/wp-content\/uploads\/2025\/10\/Villa-drone-768x432.png 768w, https:\/\/simonplanquoisphoto.com\/wp-content\/uploads\/2025\/10\/Villa-drone-1536x864.png 1536w, https:\/\/simonplanquoisphoto.com\/wp-content\/uploads\/2025\/10\/Villa-drone-2048x1152.png 2048w\" sizes=\"(max-width: 1024px) 100vw, 1024px\" \/>\t\t\t\t\t\t\t\t\t\t\t\t\t\t\t<\/div>\n\t\t\t\t<div class=\"elementor-element elementor-element-cd15175 elementor-widget elementor-widget-text-editor\" data-id=\"cd15175\" data-element_type=\"widget\" data-widget_type=\"text-editor.default\">\n\t\t\t\t\t\t\t\t\t<p>A la recherche d\u2019images a\u00e9riennes de qualit\u00e9 pour mettre en valeur vos projets ? Je propose des prestations sur-mesure par drone, adapt\u00e9es \u00e0 plusieurs secteurs d\u2019activit\u00e9. T\u00e9l\u00e9pilote certifi\u00e9 depuis plusieurs ann\u00e9e, j\u2019utilise le drone comme une extension de mon regard artistique pour offrir une nouvelle perspective sur chaque propri\u00e9t\u00e9 afin de r\u00e9v\u00e9ler sa dimension, son implantation et son \u00e9l\u00e9gance dans l\u2019espace.<\/p>\t\t\t\t\t\t\t\t<\/div>\n\t\t\t\t\t<\/div>\n\t\t\t\t<\/div>\n\t\t<div class=\"elementor-element elementor-element-6a65ea3 e-flex e-con-boxed e-con e-parent\" data-id=\"6a65ea3\" data-element_type=\"container\">\n\t\t\t\t\t<div class=\"e-con-inner\">\n\t\t\t\t<div class=\"elementor-element elementor-element-144ff9a elementor-widget elementor-widget-image\" data-id=\"144ff9a\" data-element_type=\"widget\" data-widget_type=\"image.default\">\n\t\t\t\t\t\t\t\t\t\t\t\t\t\t\t<img decoding=\"async\" src=\"http:\/\/simonplanquoisphoto.com\/wp-content\/uploads\/2025\/10\/Prototype.png\" title=\"\" alt=\"\" loading=\"lazy\" \/>\t\t\t\t\t\t\t\t\t\t\t\t\t\t\t<\/div>\n\t\t\t\t\t<\/div>\n\t\t\t\t<\/div>\n\t\t<div class=\"elementor-element elementor-element-dbbe7a7 e-grid e-con-boxed e-con e-parent\" data-id=\"dbbe7a7\" data-element_type=\"container\" data-settings=\"{&quot;background_background&quot;:&quot;classic&quot;}\">\n\t\t\t\t\t<div class=\"e-con-inner\">\n\t\t\t\t<div class=\"elementor-element elementor-element-4f90d0b elementor-widget elementor-widget-text-editor\" data-id=\"4f90d0b\" data-element_type=\"widget\" data-widget_type=\"text-editor.default\">\n\t\t\t\t\t\t\t\t\t<p><strong>Architecture- urbanisme<\/strong><\/p><p>Mettez en valeur vos r\u00e9alisations architecturales sous un nouvel angle.<\/p><p><strong>Services propos\u00e9s :<\/strong><\/p><ul><li>Captation de vues a\u00e9riennes pour une mise en valeur de l&rsquo;architecture<\/li><li>Suivi de chantier (photos\/vid\u00e9os r\u00e9guli\u00e8res avec rep\u00e8res d\u2019\u00e9volution)<\/li><li>Inspection de toitures, fa\u00e7ades ou structures difficiles d\u2019acc\u00e8s<\/li><\/ul>\t\t\t\t\t\t\t\t<\/div>\n\t\t\t\t<div class=\"elementor-element elementor-element-3a2e357 elementor-widget elementor-widget-text-editor\" data-id=\"3a2e357\" data-element_type=\"widget\" data-widget_type=\"text-editor.default\">\n\t\t\t\t\t\t\t\t\t<p class=\"card-title\"><strong>Immobilier &#8211; entreprise<\/strong><\/p><p>Attirez l\u2019attention de vos clients avec des visuels dynamiques et immersifs.<\/p><p><strong>Services propos\u00e9s :<\/strong><\/p><ul><li>Vid\u00e9os de pr\u00e9sentation de biens (villas, appartements, immeubles, terrains, b\u00e2timent professionnel)<\/li><li>Plans a\u00e9riens pour annonces, brochures ou visites virtuelles<\/li><li>Mise en valeur de quartiers et environnements<\/li><\/ul>\t\t\t\t\t\t\t\t<\/div>\n\t\t\t\t<div class=\"elementor-element elementor-element-d9aff70 elementor-widget elementor-widget-text-editor\" data-id=\"d9aff70\" data-element_type=\"widget\" data-widget_type=\"text-editor.default\">\n\t\t\t\t\t\t\t\t\t<p class=\"card-title\"><strong>Topographie &#8211; tourisme<\/strong><\/p><p>Sublimez les espaces naturels et les lieux touristiques avec des images a\u00e9riennes.<\/p><p><strong>Services propos\u00e9s :<\/strong><\/p><ul><li>Captures a\u00e9riennes pour offices de tourisme, collectivit\u00e9s, h\u00f4tels<\/li><li>R\u00e9alisation de films promotionnels ou de contenu r\u00e9seaux sociaux<\/li><li>Suivi saisonnier d\u2019un site ou d\u2019un am\u00e9nagement paysager<\/li><\/ul>\t\t\t\t\t\t\t\t<\/div>\n\t\t\t\t<div class=\"elementor-element elementor-element-dcee7b3 elementor-widget elementor-widget-image\" data-id=\"dcee7b3\" data-element_type=\"widget\" data-widget_type=\"image.default\">\n\t\t\t\t\t\t\t\t\t\t\t\t\t\t\t<img decoding=\"async\" src=\"http:\/\/simonplanquoisphoto.com\/wp-content\/uploads\/2025\/10\/Prise-de-vue-drone-2-scaled.png\" title=\"\" alt=\"\" loading=\"lazy\" \/>\t\t\t\t\t\t\t\t\t\t\t\t\t\t\t<\/div>\n\t\t\t\t<div class=\"elementor-element elementor-element-07ea8b9 elementor-widget elementor-widget-image\" data-id=\"07ea8b9\" data-element_type=\"widget\" data-widget_type=\"image.default\">\n\t\t\t\t\t\t\t\t\t\t\t\t\t\t\t<img decoding=\"async\" src=\"http:\/\/simonplanquoisphoto.com\/wp-content\/uploads\/2025\/10\/Prise-de-vue-drone-3-scaled.png\" title=\"\" alt=\"\" loading=\"lazy\" \/>\t\t\t\t\t\t\t\t\t\t\t\t\t\t\t<\/div>\n\t\t\t\t<div class=\"elementor-element elementor-element-8f94a76 elementor-widget elementor-widget-image\" data-id=\"8f94a76\" data-element_type=\"widget\" data-widget_type=\"image.default\">\n\t\t\t\t\t\t\t\t\t\t\t\t\t\t\t<img decoding=\"async\" src=\"http:\/\/simonplanquoisphoto.com\/wp-content\/uploads\/2025\/10\/Prise-de-vue-drone-1.png\" title=\"\" alt=\"\" loading=\"lazy\" \/>\t\t\t\t\t\t\t\t\t\t\t\t\t\t\t<\/div>\n\t\t\t\t\t<\/div>\n\t\t\t\t<\/div>\n\t\t\t\t<\/div>\n\t\t","protected":false},"excerpt":{"rendered":"<p>A la recherche d\u2019images a\u00e9riennes de qualit\u00e9 pour mettre en valeur vos projets ? Je propose des prestations sur-mesure par drone, adapt\u00e9es \u00e0 plusieurs secteurs d\u2019activit\u00e9. T\u00e9l\u00e9pilote certifi\u00e9 depuis plusieurs<\/p>\n<p class=\"more-link\"><a href=\"https:\/\/simonplanquoisphoto.com\/index.php\/drone\/\" class=\"readmore\">Continue reading<svg class=\"icon icon-arrow-right\" aria-hidden=\"true\" role=\"img\"> <use href=\"#icon-arrow-right\" xlink:href=\"#icon-arrow-right\"><\/use> <\/svg><span class=\"screen-reader-text\">Drone<\/span><\/a><\/p>\n","protected":false},"author":1,"featured_media":0,"parent":0,"menu_order":0,"comment_status":"closed","ping_status":"closed","template":"","meta":{"footnotes":""},"class_list":["post-415","page","type-page","status-publish","hentry"],"_links":{"self":[{"href":"https:\/\/simonplanquoisphoto.com\/index.php\/wp-json\/wp\/v2\/pages\/415","targetHints":{"allow":["GET"]}}],"collection":[{"href":"https:\/\/simonplanquoisphoto.com\/index.php\/wp-json\/wp\/v2\/pages"}],"about":[{"href":"https:\/\/simonplanquoisphoto.com\/index.php\/wp-json\/wp\/v2\/types\/page"}],"author":[{"embeddable":true,"href":"https:\/\/simonplanquoisphoto.com\/index.php\/wp-json\/wp\/v2\/users\/1"}],"replies":[{"embeddable":true,"href":"https:\/\/simonplanquoisphoto.com\/index.php\/wp-json\/wp\/v2\/comments?post=415"}],"version-history":[{"count":16,"href":"https:\/\/simonplanquoisphoto.com\/index.php\/wp-json\/wp\/v2\/pages\/415\/revisions"}],"predecessor-version":[{"id":642,"href":"https:\/\/simonplanquoisphoto.com\/index.php\/wp-json\/wp\/v2\/pages\/415\/revisions\/642"}],"wp:attachment":[{"href":"https:\/\/simonplanquoisphoto.com\/index.php\/wp-json\/wp\/v2\/media?parent=415"}],"curies":[{"name":"wp","href":"https:\/\/api.w.org\/{rel}","templated":true}]}}